{"id":2672,"date":"2023-08-17T12:40:46","date_gmt":"2023-08-17T10:40:46","guid":{"rendered":"https:\/\/holistic-healing.lu\/blog\/"},"modified":"2024-11-04T14:45:58","modified_gmt":"2024-11-04T13:45:58","slug":"blog","status":"publish","type":"page","link":"https:\/\/holistic-healing.lu\/fr\/blog\/","title":{"rendered":"Blog"},"content":{"rendered":"\t\t<div data-elementor-type=\"wp-page\" data-elementor-id=\"2672\" class=\"elementor elementor-2672 elementor-44\" data-elementor-post-type=\"page\">\n\t\t\t\t\t\t<section class=\"elementor-section elementor-top-section elementor-element elementor-element-c518935 elementor-section-full_width elementor-section-height-min-height elementor-section-items-stretch elementor-section-content-middle elementor-section-height-default\" data-id=\"c518935\" data-element_type=\"section\" data-settings=\"{&quot;background_background&quot;:&quot;classic&quot;}\">\n\t\t\t\t\t\t<div class=\"elementor-container elementor-column-gap-no\">\n\t\t\t\t\t<div class=\"elementor-column elementor-col-100 elementor-top-column elementor-element elementor-element-eac1595\" data-id=\"eac1595\" data-element_type=\"column\">\n\t\t\t<div class=\"elementor-widget-wrap elementor-element-populated\">\n\t\t\t\t\t\t<div class=\"elementor-element elementor-element-f43d33b elementor-widget__width-initial elementor-absolute elementor-widget-tablet__width-initial elementor-widget-mobile__width-inherit elementor-widget elementor-widget-spacer\" data-id=\"f43d33b\" data-element_type=\"widget\" data-settings=\"{&quot;_position&quot;:&quot;absolute&quot;,&quot;motion_fx_motion_fx_scrolling&quot;:&quot;yes&quot;,&quot;motion_fx_translateX_effect&quot;:&quot;yes&quot;,&quot;motion_fx_translateX_direction&quot;:&quot;negative&quot;,&quot;motion_fx_translateX_speed&quot;:{&quot;unit&quot;:&quot;px&quot;,&quot;size&quot;:&quot;0.5&quot;,&quot;sizes&quot;:[]},&quot;motion_fx_devices&quot;:[&quot;desktop&quot;,&quot;tablet&quot;],&quot;motion_fx_translateX_affectedRange&quot;:{&quot;unit&quot;:&quot;%&quot;,&quot;size&quot;:&quot;&quot;,&quot;sizes&quot;:{&quot;start&quot;:0,&quot;end&quot;:100}}}\" data-widget_type=\"spacer.default\">\n\t\t\t\t<div class=\"elementor-widget-container\">\n\t\t\t\t\t\t\t<div class=\"elementor-spacer\">\n\t\t\t<div class=\"elementor-spacer-inner\"><\/div>\n\t\t<\/div>\n\t\t\t\t\t\t<\/div>\n\t\t\t\t<\/div>\n\t\t\t\t<div class=\"elementor-element elementor-element-cd27cba elementor-widget__width-initial elementor-absolute elementor-widget-tablet__width-initial elementor-widget-mobile__width-inherit elementor-invisible elementor-widget elementor-widget-spacer\" data-id=\"cd27cba\" data-element_type=\"widget\" data-settings=\"{&quot;_position&quot;:&quot;absolute&quot;,&quot;motion_fx_motion_fx_scrolling&quot;:&quot;yes&quot;,&quot;motion_fx_translateX_effect&quot;:&quot;yes&quot;,&quot;motion_fx_translateX_speed&quot;:{&quot;unit&quot;:&quot;px&quot;,&quot;size&quot;:&quot;0.8&quot;,&quot;sizes&quot;:[]},&quot;motion_fx_devices&quot;:[&quot;desktop&quot;,&quot;tablet&quot;],&quot;_animation&quot;:&quot;fadeIn&quot;,&quot;motion_fx_translateX_affectedRange&quot;:{&quot;unit&quot;:&quot;%&quot;,&quot;size&quot;:&quot;&quot;,&quot;sizes&quot;:{&quot;start&quot;:0,&quot;end&quot;:100}}}\" data-widget_type=\"spacer.default\">\n\t\t\t\t<div class=\"elementor-widget-container\">\n\t\t\t\t\t\t\t<div class=\"elementor-spacer\">\n\t\t\t<div class=\"elementor-spacer-inner\"><\/div>\n\t\t<\/div>\n\t\t\t\t\t\t<\/div>\n\t\t\t\t<\/div>\n\t\t\t\t<section class=\"elementor-section elementor-inner-section elementor-element elementor-element-2d6fb62 elementor-section-content-middle elementor-section-boxed elementor-section-height-default elementor-section-height-default elementor-invisible\" data-id=\"2d6fb62\" data-element_type=\"section\" data-settings=\"{&quot;animation&quot;:&quot;fadeIn&quot;}\">\n\t\t\t\t\t\t<div class=\"elementor-container elementor-column-gap-no\">\n\t\t\t\t\t<div class=\"elementor-column elementor-col-100 elementor-inner-column elementor-element elementor-element-11a26fe\" data-id=\"11a26fe\" data-element_type=\"column\">\n\t\t\t<div class=\"elementor-widget-wrap elementor-element-populated\">\n\t\t\t\t\t\t<div class=\"elementor-element elementor-element-423210f elementor-invisible elementor-widget elementor-widget-heading\" data-id=\"423210f\" data-element_type=\"widget\" data-settings=\"{&quot;_animation&quot;:&quot;fadeIn&quot;,&quot;_animation_mobile&quot;:&quot;none&quot;}\" data-widget_type=\"heading.default\">\n\t\t\t\t<div class=\"elementor-widget-container\">\n\t\t\t\t\t<h1 class=\"elementor-heading-title elementor-size-default\">En savoir plus sur des sujets int\u00e9ressants !<\/h1>\t\t\t\t<\/div>\n\t\t\t\t<\/div>\n\t\t\t\t\t<\/div>\n\t\t<\/div>\n\t\t\t\t\t<\/div>\n\t\t<\/section>\n\t\t\t\t\t<\/div>\n\t\t<\/div>\n\t\t\t\t\t<\/div>\n\t\t<\/section>\n\t\t\t\t<section class=\"elementor-section elementor-top-section elementor-element elementor-element-b0d6257 animated-fast elementor-section-boxed elementor-section-height-default elementor-section-height-default elementor-invisible\" data-id=\"b0d6257\" data-element_type=\"section\" data-settings=\"{&quot;background_background&quot;:&quot;classic&quot;,&quot;animation&quot;:&quot;slideInUp&quot;}\">\n\t\t\t\t\t\t\t<div class=\"elementor-background-overlay\"><\/div>\n\t\t\t\t\t\t\t<div class=\"elementor-container elementor-column-gap-default\">\n\t\t\t\t\t<div class=\"elementor-column elementor-col-33 elementor-top-column elementor-element elementor-element-6ccb7b3\" data-id=\"6ccb7b3\" data-element_type=\"column\">\n\t\t\t<div class=\"elementor-widget-wrap elementor-element-populated\">\n\t\t\t\t\t\t<div class=\"elementor-element elementor-element-691fa56 elementor-widget__width-initial elementor-widget-tablet__width-inherit elementor-widget-mobile__width-auto elementor-view-default elementor-widget elementor-widget-icon\" data-id=\"691fa56\" data-element_type=\"widget\" data-settings=\"{&quot;motion_fx_motion_fx_scrolling&quot;:&quot;yes&quot;,&quot;motion_fx_translateY_effect&quot;:&quot;yes&quot;,&quot;motion_fx_translateY_direction&quot;:&quot;negative&quot;,&quot;motion_fx_translateY_speed&quot;:{&quot;unit&quot;:&quot;px&quot;,&quot;size&quot;:&quot;0.5&quot;,&quot;sizes&quot;:[]},&quot;motion_fx_devices&quot;:[&quot;desktop&quot;],&quot;motion_fx_translateY_affectedRange&quot;:{&quot;unit&quot;:&quot;%&quot;,&quot;size&quot;:&quot;&quot;,&quot;sizes&quot;:{&quot;start&quot;:0,&quot;end&quot;:100}}}\" data-widget_type=\"icon.default\">\n\t\t\t\t<div class=\"elementor-widget-container\">\n\t\t\t\t\t\t\t<div class=\"elementor-icon-wrapper\">\n\t\t\t<div class=\"elementor-icon\">\n\t\t\t<i aria-hidden=\"true\" class=\"fas fa-square\"><\/i>\t\t\t<\/div>\n\t\t<\/div>\n\t\t\t\t\t\t<\/div>\n\t\t\t\t<\/div>\n\t\t\t\t\t<\/div>\n\t\t<\/div>\n\t\t\t\t<div class=\"elementor-column elementor-col-33 elementor-top-column elementor-element elementor-element-4267f68\" data-id=\"4267f68\" data-element_type=\"column\">\n\t\t\t<div class=\"elementor-widget-wrap elementor-element-populated\">\n\t\t\t\t\t\t<div class=\"elementor-element elementor-element-bfeea42 pp-equal-height-yes elementor-grid-3 elementor-grid-tablet-2 elementor-grid-mobile-1 elementor-widget elementor-widget-pp-posts\" data-id=\"bfeea42\" data-element_type=\"widget\" data-widget_type=\"pp-posts.card\">\n\t\t\t\t<div class=\"elementor-widget-container\">\n\t\t\t\t\t\t\t<div class=\"pp-posts-container\">\n\t\t\t\n\t\t\t\t\t\t\t\t\t\t\n\t\t\t<div class=\"pp-posts pp-posts-skin-card elementor-grid pp-posts-grid\" data-query-type=\"custom\" data-layout=\"grid\" data-page=\"2672\" data-skin=\"card\">\n\t\t\t\t\t\t\t\t\t\t\t<div class=\"pp-post-wrap pp-grid-item-wrap elementor-grid-item post-2803 post type-post status-publish format-standard has-post-thumbnail hentry category-non-classifiee\">\n\t\t\t\t\t\t<div class=\"pp-post pp-grid-item\">\n\t\t\t\t\t\t<div class=\"pp-post-thumbnail\">\n\t\t\t<a class=\"pp-post-thumbnail-wrap\" href=\"https:\/\/holistic-healing.lu\/fr\/2023\/11\/27\/den-eischte-schouldag\/\" title=\"Den \u00e9ischte Schouldag\">\n\t\t\t\t<img fetchpriority=\"high\" decoding=\"async\" width=\"800\" height=\"800\" src=\"https:\/\/holistic-healing.lu\/wp-content\/uploads\/2023\/11\/holistic-healing-68-1024x1024.webp\" class=\"attachment-large size-large wp-image-2662\" alt=\"\" srcset=\"https:\/\/holistic-healing.lu\/wp-content\/uploads\/2023\/11\/holistic-healing-68-1024x1024.webp 1024w, https:\/\/holistic-healing.lu\/wp-content\/uploads\/2023\/11\/holistic-healing-68-300x300.webp 300w, https:\/\/holistic-healing.lu\/wp-content\/uploads\/2023\/11\/holistic-healing-68-150x150.webp 150w, https:\/\/holistic-healing.lu\/wp-content\/uploads\/2023\/11\/holistic-healing-68-768x768.webp 768w, https:\/\/holistic-healing.lu\/wp-content\/uploads\/2023\/11\/holistic-healing-68.webp 1500w\" sizes=\"(max-width: 800px) 100vw, 800px\" \/>\t\t\t<\/a>\n\t\t<\/div>\n\t\t\n\t\t\t\t<div class=\"pp-post-content-wrap\">\n\t\t\t\t\t<div class=\"pp-post-content\">\n\t\t\t\t\t\t\t\t\t\t\t\t<h2 class=\"pp-post-title\">\n\t\t\t\t<a href=\"https:\/\/holistic-healing.lu\/fr\/2023\/11\/27\/den-eischte-schouldag\/\">Den \u00e9ischte Schouldag<\/a>\t\t\t<\/h2>\n\t\t\t\t\t\t\t<div class=\"pp-post-excerpt\">\n\t\t\t<p>Fir vill Kanner geet di n\u00e4chst Woch d\u2019Schoul er\u00ebm un. D\u00ebst ass \u00ebmmer e ganz speziellen Dag am Joer. Fir ...<\/p>\n\t\t<\/div>\n\t\t\t\t\t\t\t\t\t<\/div>\n\t\t\t\t\t\t\t\t\t<\/div>\n\n\t\t\t\t\t\t\t<\/div>\n\t\t\t\t\t<\/div>\n\t\t\t\t<div class=\"pp-post-wrap pp-grid-item-wrap elementor-grid-item post-2811 post type-post status-publish format-standard has-post-thumbnail hentry category-non-classifiee\">\n\t\t\t\t\t\t<div class=\"pp-post pp-grid-item\">\n\t\t\t\t\t\t<div class=\"pp-post-thumbnail\">\n\t\t\t<a class=\"pp-post-thumbnail-wrap\" href=\"https:\/\/holistic-healing.lu\/fr\/2023\/11\/27\/billy-la-chienne\/\" title=\"BILLY LA CHIENNE\">\n\t\t\t\t<img decoding=\"async\" width=\"800\" height=\"800\" src=\"https:\/\/holistic-healing.lu\/wp-content\/uploads\/2023\/11\/holistic-healing-67-1024x1024.webp\" class=\"attachment-large size-large wp-image-2663\" alt=\"\" srcset=\"https:\/\/holistic-healing.lu\/wp-content\/uploads\/2023\/11\/holistic-healing-67-1024x1024.webp 1024w, https:\/\/holistic-healing.lu\/wp-content\/uploads\/2023\/11\/holistic-healing-67-300x300.webp 300w, https:\/\/holistic-healing.lu\/wp-content\/uploads\/2023\/11\/holistic-healing-67-150x150.webp 150w, https:\/\/holistic-healing.lu\/wp-content\/uploads\/2023\/11\/holistic-healing-67-768x768.webp 768w, https:\/\/holistic-healing.lu\/wp-content\/uploads\/2023\/11\/holistic-healing-67.webp 1500w\" sizes=\"(max-width: 800px) 100vw, 800px\" \/>\t\t\t<\/a>\n\t\t<\/div>\n\t\t\n\t\t\t\t<div class=\"pp-post-content-wrap\">\n\t\t\t\t\t<div class=\"pp-post-content\">\n\t\t\t\t\t\t\t\t\t\t\t\t<h2 class=\"pp-post-title\">\n\t\t\t\t<a href=\"https:\/\/holistic-healing.lu\/fr\/2023\/11\/27\/billy-la-chienne\/\">BILLY LA CHIENNE<\/a>\t\t\t<\/h2>\n\t\t\t\t\t\t\t<div class=\"pp-post-excerpt\">\n\t\t\t<p>Notre cher Billy a eu une terrible infection urinaire hier.\ud83d\ude1e Les jours pr\u00e9c\u00e9dents, elle se faisait d\u00e9j\u00e0 un peu remarquer ...<\/p>\n\t\t<\/div>\n\t\t\t\t\t\t\t\t\t<\/div>\n\t\t\t\t\t\t\t\t\t<\/div>\n\n\t\t\t\t\t\t\t<\/div>\n\t\t\t\t\t<\/div>\n\t\t\t\t<div class=\"pp-post-wrap pp-grid-item-wrap elementor-grid-item post-2813 post type-post status-publish format-standard has-post-thumbnail hentry category-non-classifiee\">\n\t\t\t\t\t\t<div class=\"pp-post pp-grid-item\">\n\t\t\t\t\t\t<div class=\"pp-post-thumbnail\">\n\t\t\t<a class=\"pp-post-thumbnail-wrap\" href=\"https:\/\/holistic-healing.lu\/fr\/2023\/11\/27\/pouvoir-de-guerison-des-fleurs\/\" title=\"Pouvoir de gu\u00e9rison des fleurs\">\n\t\t\t\t<img decoding=\"async\" width=\"800\" height=\"800\" src=\"https:\/\/holistic-healing.lu\/wp-content\/uploads\/2023\/11\/holistic-healing-69-1024x1024.webp\" class=\"attachment-large size-large wp-image-2664\" alt=\"\" srcset=\"https:\/\/holistic-healing.lu\/wp-content\/uploads\/2023\/11\/holistic-healing-69-1024x1024.webp 1024w, https:\/\/holistic-healing.lu\/wp-content\/uploads\/2023\/11\/holistic-healing-69-300x300.webp 300w, https:\/\/holistic-healing.lu\/wp-content\/uploads\/2023\/11\/holistic-healing-69-150x150.webp 150w, https:\/\/holistic-healing.lu\/wp-content\/uploads\/2023\/11\/holistic-healing-69-768x768.webp 768w, https:\/\/holistic-healing.lu\/wp-content\/uploads\/2023\/11\/holistic-healing-69.webp 1500w\" sizes=\"(max-width: 800px) 100vw, 800px\" \/>\t\t\t<\/a>\n\t\t<\/div>\n\t\t\n\t\t\t\t<div class=\"pp-post-content-wrap\">\n\t\t\t\t\t<div class=\"pp-post-content\">\n\t\t\t\t\t\t\t\t\t\t\t\t<h2 class=\"pp-post-title\">\n\t\t\t\t<a href=\"https:\/\/holistic-healing.lu\/fr\/2023\/11\/27\/pouvoir-de-guerison-des-fleurs\/\">Pouvoir de gu\u00e9rison des fleurs<\/a>\t\t\t<\/h2>\n\t\t\t\t\t\t\t<div class=\"pp-post-excerpt\">\n\t\t\t<p>Gu\u00e9rir avec l&#8217;\u00e9nergie de la nature \u00e9tait le souhait le plus cher du Dr Bach. Ses fleurs de Bach sont ...<\/p>\n\t\t<\/div>\n\t\t\t\t\t\t\t\t\t<\/div>\n\t\t\t\t\t\t\t\t\t<\/div>\n\n\t\t\t\t\t\t\t<\/div>\n\t\t\t\t\t<\/div>\n\t\t\t\t\t\t\t\t\t<\/div>\n\t\t\t\n\t\t\t\n\t\t\t\n\t\t\t\n\t\t\t\t\t\t\t\t\t\t\t\t<\/div>\n\n\t\t\n\t\t\t\t\t\t<\/div>\n\t\t\t\t<\/div>\n\t\t\t\t\t<\/div>\n\t\t<\/div>\n\t\t\t\t<div class=\"elementor-column elementor-col-33 elementor-top-column elementor-element elementor-element-e287a8e\" data-id=\"e287a8e\" data-element_type=\"column\">\n\t\t\t<div class=\"elementor-widget-wrap elementor-element-populated\">\n\t\t\t\t\t\t<div class=\"elementor-element elementor-element-9a9d6d5 elementor-widget-mobile__width-auto elementor-view-default elementor-widget elementor-widget-icon\" data-id=\"9a9d6d5\" data-element_type=\"widget\" data-settings=\"{&quot;motion_fx_motion_fx_scrolling&quot;:&quot;yes&quot;,&quot;motion_fx_devices&quot;:[&quot;desktop&quot;]}\" data-widget_type=\"icon.default\">\n\t\t\t\t<div class=\"elementor-widget-container\">\n\t\t\t\t\t\t\t<div class=\"elementor-icon-wrapper\">\n\t\t\t<div class=\"elementor-icon\">\n\t\t\t<i aria-hidden=\"true\" class=\"fas fa-square\"><\/i>\t\t\t<\/div>\n\t\t<\/div>\n\t\t\t\t\t\t<\/div>\n\t\t\t\t<\/div>\n\t\t\t\t<div class=\"elementor-element elementor-element-f784b91 elementor-widget-mobile__width-auto elementor-view-default elementor-widget elementor-widget-icon\" data-id=\"f784b91\" data-element_type=\"widget\" data-widget_type=\"icon.default\">\n\t\t\t\t<div class=\"elementor-widget-container\">\n\t\t\t\t\t\t\t<div class=\"elementor-icon-wrapper\">\n\t\t\t<div class=\"elementor-icon\">\n\t\t\t<i aria-hidden=\"true\" class=\"fas fa-square\"><\/i>\t\t\t<\/div>\n\t\t<\/div>\n\t\t\t\t\t\t<\/div>\n\t\t\t\t<\/div>\n\t\t\t\t\t<\/div>\n\t\t<\/div>\n\t\t\t\t\t<\/div>\n\t\t<\/section>\n\t\t\t\t<\/div>\n\t\t","protected":false},"excerpt":{"rendered":"<p>En savoir plus sur des sujets int\u00e9ressants ! Den \u00e9ischte Schouldag Fir vill Kanner geet di n\u00e4chst Woch d\u2019Schoul er\u00ebm un. D\u00ebst ass \u00ebmmer e ganz speziellen Dag am Joer. Fir &#8230; BILLY DIE H\u00dcNDIN Unsere liebe Billy hatte gestern eine schlimme Blasenentz\u00fcndung.\ud83d\ude1e Die Tage vorher war sie schon etwas auff\u00e4llig (\u00f6fter pinkeln), aber dabei [&hellip;]<\/p>\n","protected":false},"author":1,"featured_media":0,"parent":0,"menu_order":0,"comment_status":"closed","ping_status":"closed","template":"elementor_header_footer","meta":{"inline_featured_image":false,"footnotes":""},"class_list":["post-2672","page","type-page","status-publish","hentry"],"yoast_head":"<!-- This site is optimized with the Yoast SEO plugin v24.4 - https:\/\/yoast.com\/wordpress\/plugins\/seo\/ -->\n<title>Articles int\u00e9ressants sur des sujets concernant holistic healing<\/title>\n<meta name=\"description\" content=\"Lisez des articles int\u00e9ressants et des nouvelles sur la m\u00e9decine alternative et la vie quotidienne dans notre cabinet.\" \/>\n<meta name=\"robots\" content=\"index, follow, max-snippet:-1, max-image-preview:large, max-video-preview:-1\" \/>\n<link rel=\"canonical\" href=\"https:\/\/holistic-healing.lu\/fr\/blog\/\" \/>\n<meta property=\"og:locale\" content=\"fr_FR\" \/>\n<meta property=\"og:type\" content=\"article\" \/>\n<meta property=\"og:title\" content=\"Articles int\u00e9ressants sur des sujets concernant holistic healing\" \/>\n<meta property=\"og:description\" content=\"Lisez des articles int\u00e9ressants et des nouvelles sur la m\u00e9decine alternative et la vie quotidienne dans notre cabinet.\" \/>\n<meta property=\"og:url\" content=\"https:\/\/holistic-healing.lu\/fr\/blog\/\" \/>\n<meta property=\"og:site_name\" content=\"Holistic Healing\" \/>\n<meta property=\"article:modified_time\" content=\"2024-11-04T13:45:58+00:00\" \/>\n<meta property=\"og:image\" content=\"https:\/\/holistic-healing.lu\/wp-content\/uploads\/2023\/11\/holistic-healing-68-1024x1024.webp\" \/>\n<meta name=\"twitter:card\" content=\"summary_large_image\" \/>\n<meta name=\"twitter:label1\" content=\"Dur\u00e9e de lecture estim\u00e9e\" \/>\n\t<meta name=\"twitter:data1\" content=\"2 minutes\" \/>\n<script type=\"application\/ld+json\" class=\"yoast-schema-graph\">{\"@context\":\"https:\/\/schema.org\",\"@graph\":[{\"@type\":\"WebPage\",\"@id\":\"https:\/\/holistic-healing.lu\/fr\/blog\/\",\"url\":\"https:\/\/holistic-healing.lu\/fr\/blog\/\",\"name\":\"Articles int\u00e9ressants sur des sujets concernant holistic healing\",\"isPartOf\":{\"@id\":\"https:\/\/holistic-healing.lu\/fr\/#website\"},\"primaryImageOfPage\":{\"@id\":\"https:\/\/holistic-healing.lu\/fr\/blog\/#primaryimage\"},\"image\":{\"@id\":\"https:\/\/holistic-healing.lu\/fr\/blog\/#primaryimage\"},\"thumbnailUrl\":\"https:\/\/holistic-healing.lu\/wp-content\/uploads\/2023\/11\/holistic-healing-68-1024x1024.webp\",\"datePublished\":\"2023-08-17T10:40:46+00:00\",\"dateModified\":\"2024-11-04T13:45:58+00:00\",\"description\":\"Lisez des articles int\u00e9ressants et des nouvelles sur la m\u00e9decine alternative et la vie quotidienne dans notre cabinet.\",\"breadcrumb\":{\"@id\":\"https:\/\/holistic-healing.lu\/fr\/blog\/#breadcrumb\"},\"inLanguage\":\"fr-FR\",\"potentialAction\":[{\"@type\":\"ReadAction\",\"target\":[\"https:\/\/holistic-healing.lu\/fr\/blog\/\"]}]},{\"@type\":\"ImageObject\",\"inLanguage\":\"fr-FR\",\"@id\":\"https:\/\/holistic-healing.lu\/fr\/blog\/#primaryimage\",\"url\":\"https:\/\/holistic-healing.lu\/wp-content\/uploads\/2023\/11\/holistic-healing-68-1024x1024.webp\",\"contentUrl\":\"https:\/\/holistic-healing.lu\/wp-content\/uploads\/2023\/11\/holistic-healing-68-1024x1024.webp\"},{\"@type\":\"BreadcrumbList\",\"@id\":\"https:\/\/holistic-healing.lu\/fr\/blog\/#breadcrumb\",\"itemListElement\":[{\"@type\":\"ListItem\",\"position\":1,\"name\":\"Accueil\",\"item\":\"https:\/\/holistic-healing.lu\/fr\/\"},{\"@type\":\"ListItem\",\"position\":2,\"name\":\"Blog\"}]},{\"@type\":\"WebSite\",\"@id\":\"https:\/\/holistic-healing.lu\/fr\/#website\",\"url\":\"https:\/\/holistic-healing.lu\/fr\/\",\"name\":\"Holistic Healing\",\"description\":\"\",\"publisher\":{\"@id\":\"https:\/\/holistic-healing.lu\/fr\/#organization\"},\"potentialAction\":[{\"@type\":\"SearchAction\",\"target\":{\"@type\":\"EntryPoint\",\"urlTemplate\":\"https:\/\/holistic-healing.lu\/fr\/?s={search_term_string}\"},\"query-input\":{\"@type\":\"PropertyValueSpecification\",\"valueRequired\":true,\"valueName\":\"search_term_string\"}}],\"inLanguage\":\"fr-FR\"},{\"@type\":\"Organization\",\"@id\":\"https:\/\/holistic-healing.lu\/fr\/#organization\",\"name\":\"Holistic Healing\",\"url\":\"https:\/\/holistic-healing.lu\/fr\/\",\"logo\":{\"@type\":\"ImageObject\",\"inLanguage\":\"fr-FR\",\"@id\":\"https:\/\/holistic-healing.lu\/fr\/#\/schema\/logo\/image\/\",\"url\":\"https:\/\/holistic-healing.lu\/wp-content\/uploads\/2023\/08\/holistic-healing-logo.svg\",\"contentUrl\":\"https:\/\/holistic-healing.lu\/wp-content\/uploads\/2023\/08\/holistic-healing-logo.svg\",\"width\":578,\"height\":529,\"caption\":\"Holistic Healing\"},\"image\":{\"@id\":\"https:\/\/holistic-healing.lu\/fr\/#\/schema\/logo\/image\/\"}}]}<\/script>\n<!-- \/ Yoast SEO plugin. -->","yoast_head_json":{"title":"Articles int\u00e9ressants sur des sujets concernant holistic healing","description":"Lisez des articles int\u00e9ressants et des nouvelles sur la m\u00e9decine alternative et la vie quotidienne dans notre cabinet.","robots":{"index":"index","follow":"follow","max-snippet":"max-snippet:-1","max-image-preview":"max-image-preview:large","max-video-preview":"max-video-preview:-1"},"canonical":"https:\/\/holistic-healing.lu\/fr\/blog\/","og_locale":"fr_FR","og_type":"article","og_title":"Articles int\u00e9ressants sur des sujets concernant holistic healing","og_description":"Lisez des articles int\u00e9ressants et des nouvelles sur la m\u00e9decine alternative et la vie quotidienne dans notre cabinet.","og_url":"https:\/\/holistic-healing.lu\/fr\/blog\/","og_site_name":"Holistic Healing","article_modified_time":"2024-11-04T13:45:58+00:00","og_image":[{"url":"https:\/\/holistic-healing.lu\/wp-content\/uploads\/2023\/11\/holistic-healing-68-1024x1024.webp","type":"","width":"","height":""}],"twitter_card":"summary_large_image","twitter_misc":{"Dur\u00e9e de lecture estim\u00e9e":"2 minutes"},"schema":{"@context":"https:\/\/schema.org","@graph":[{"@type":"WebPage","@id":"https:\/\/holistic-healing.lu\/fr\/blog\/","url":"https:\/\/holistic-healing.lu\/fr\/blog\/","name":"Articles int\u00e9ressants sur des sujets concernant holistic healing","isPartOf":{"@id":"https:\/\/holistic-healing.lu\/fr\/#website"},"primaryImageOfPage":{"@id":"https:\/\/holistic-healing.lu\/fr\/blog\/#primaryimage"},"image":{"@id":"https:\/\/holistic-healing.lu\/fr\/blog\/#primaryimage"},"thumbnailUrl":"https:\/\/holistic-healing.lu\/wp-content\/uploads\/2023\/11\/holistic-healing-68-1024x1024.webp","datePublished":"2023-08-17T10:40:46+00:00","dateModified":"2024-11-04T13:45:58+00:00","description":"Lisez des articles int\u00e9ressants et des nouvelles sur la m\u00e9decine alternative et la vie quotidienne dans notre cabinet.","breadcrumb":{"@id":"https:\/\/holistic-healing.lu\/fr\/blog\/#breadcrumb"},"inLanguage":"fr-FR","potentialAction":[{"@type":"ReadAction","target":["https:\/\/holistic-healing.lu\/fr\/blog\/"]}]},{"@type":"ImageObject","inLanguage":"fr-FR","@id":"https:\/\/holistic-healing.lu\/fr\/blog\/#primaryimage","url":"https:\/\/holistic-healing.lu\/wp-content\/uploads\/2023\/11\/holistic-healing-68-1024x1024.webp","contentUrl":"https:\/\/holistic-healing.lu\/wp-content\/uploads\/2023\/11\/holistic-healing-68-1024x1024.webp"},{"@type":"BreadcrumbList","@id":"https:\/\/holistic-healing.lu\/fr\/blog\/#breadcrumb","itemListElement":[{"@type":"ListItem","position":1,"name":"Accueil","item":"https:\/\/holistic-healing.lu\/fr\/"},{"@type":"ListItem","position":2,"name":"Blog"}]},{"@type":"WebSite","@id":"https:\/\/holistic-healing.lu\/fr\/#website","url":"https:\/\/holistic-healing.lu\/fr\/","name":"Holistic Healing","description":"","publisher":{"@id":"https:\/\/holistic-healing.lu\/fr\/#organization"},"potentialAction":[{"@type":"SearchAction","target":{"@type":"EntryPoint","urlTemplate":"https:\/\/holistic-healing.lu\/fr\/?s={search_term_string}"},"query-input":{"@type":"PropertyValueSpecification","valueRequired":true,"valueName":"search_term_string"}}],"inLanguage":"fr-FR"},{"@type":"Organization","@id":"https:\/\/holistic-healing.lu\/fr\/#organization","name":"Holistic Healing","url":"https:\/\/holistic-healing.lu\/fr\/","logo":{"@type":"ImageObject","inLanguage":"fr-FR","@id":"https:\/\/holistic-healing.lu\/fr\/#\/schema\/logo\/image\/","url":"https:\/\/holistic-healing.lu\/wp-content\/uploads\/2023\/08\/holistic-healing-logo.svg","contentUrl":"https:\/\/holistic-healing.lu\/wp-content\/uploads\/2023\/08\/holistic-healing-logo.svg","width":578,"height":529,"caption":"Holistic Healing"},"image":{"@id":"https:\/\/holistic-healing.lu\/fr\/#\/schema\/logo\/image\/"}}]}},"_links":{"self":[{"href":"https:\/\/holistic-healing.lu\/fr\/wp-json\/wp\/v2\/pages\/2672","targetHints":{"allow":["GET"]}}],"collection":[{"href":"https:\/\/holistic-healing.lu\/fr\/wp-json\/wp\/v2\/pages"}],"about":[{"href":"https:\/\/holistic-healing.lu\/fr\/wp-json\/wp\/v2\/types\/page"}],"author":[{"embeddable":true,"href":"https:\/\/holistic-healing.lu\/fr\/wp-json\/wp\/v2\/users\/1"}],"replies":[{"embeddable":true,"href":"https:\/\/holistic-healing.lu\/fr\/wp-json\/wp\/v2\/comments?post=2672"}],"version-history":[{"count":2,"href":"https:\/\/holistic-healing.lu\/fr\/wp-json\/wp\/v2\/pages\/2672\/revisions"}],"predecessor-version":[{"id":3167,"href":"https:\/\/holistic-healing.lu\/fr\/wp-json\/wp\/v2\/pages\/2672\/revisions\/3167"}],"wp:attachment":[{"href":"https:\/\/holistic-healing.lu\/fr\/wp-json\/wp\/v2\/media?parent=2672"}],"curies":[{"name":"wp","href":"https:\/\/api.w.org\/{rel}","templated":true}]}}